{"id":2,"date":"2016-11-24T09:12:56","date_gmt":"2016-11-24T09:12:56","guid":{"rendered":"http:\/\/blogi.annaedasi.ee\/?page_id=2"},"modified":"2017-01-09T06:35:15","modified_gmt":"2017-01-09T06:35:15","slug":"about","status":"publish","type":"page","link":"http:\/\/blogi.annaedasi.ee\/?page_id=2","title":{"rendered":"Anna Edasi kohvikust"},"content":{"rendered":"<p>Kohviku perenaise vanavanaema nime kandev hubane perekohvik asub Tartus Karlova linnaosas.<\/p>\n<p>Pakume lihtsat toitu ja erinevas valikus kondiitritooteid. Tegeleme ka toitlustusteenuse pakkumisega Tartus ja v\u00e4ljaspool.<\/p>\n<p>V\u00e4ga oluliseks peame ka head muusikat, mida m\u00e4ngime peamiselt vin\u00fc\u00fclplaatidelt, milliseid on meie plaadiriiulis juba \u00fcle 500. Meil on kodune ja m\u00f5nus teenindus ning maitsvad toidud.<\/p>\n<p>Tule k\u00fclla!<\/p>\n<p>Lisainfo:\u00a0<a href=\"http:\/\/www.annaedasi.ee\/\" target=\"_blank\">www.annaedasi.ee<\/a><\/p>\n","protected":false},"excerpt":{"rendered":"<p>Kohviku perenaise vanavanaema nime kandev hubane perekohvik asub Tartus Karlova linnaosas. Pakume lihtsat toitu ja erinevas valikus kondiitritooteid. Tegeleme ka toitlustusteenuse pakkumisega Tartus ja v\u00e4ljaspool. V\u00e4ga oluliseks peame ka head muusikat, mida m\u00e4ngime peamiselt vin\u00fc\u00fclplaatidelt, milliseid on meie plaadiriiulis juba \u00fcle 500. Meil on kodune ja m\u00f5nus teenindus ning maitsvad toidud. Tule k\u00fclla! Lisainfo:\u00a0www.annaedasi.ee<\/p>\n","protected":false},"author":1,"featured_media":0,"parent":0,"menu_order":0,"comment_status":"closed","ping_status":"closed","template":"","meta":{"footnotes":""},"class_list":["post-2","page","type-page","status-publish","hentry"],"_links":{"self":[{"href":"http:\/\/blogi.annaedasi.ee\/index.php?rest_route=\/wp\/v2\/pages\/2","targetHints":{"allow":["GET"]}}],"collection":[{"href":"http:\/\/blogi.annaedasi.ee\/index.php?rest_route=\/wp\/v2\/pages"}],"about":[{"href":"http:\/\/blogi.annaedasi.ee\/index.php?rest_route=\/wp\/v2\/types\/page"}],"author":[{"embeddable":true,"href":"http:\/\/blogi.annaedasi.ee\/index.php?rest_route=\/wp\/v2\/users\/1"}],"replies":[{"embeddable":true,"href":"http:\/\/blogi.annaedasi.ee\/index.php?rest_route=%2Fwp%2Fv2%2Fcomments&post=2"}],"version-history":[{"count":8,"href":"http:\/\/blogi.annaedasi.ee\/index.php?rest_route=\/wp\/v2\/pages\/2\/revisions"}],"predecessor-version":[{"id":44,"href":"http:\/\/blogi.annaedasi.ee\/index.php?rest_route=\/wp\/v2\/pages\/2\/revisions\/44"}],"wp:attachment":[{"href":"http:\/\/blogi.annaedasi.ee\/index.php?rest_route=%2Fwp%2Fv2%2Fmedia&parent=2"}],"curies":[{"name":"wp","href":"https:\/\/api.w.org\/{rel}","templated":true}]}}